{"id":465,"date":"2023-06-15T12:29:12","date_gmt":"2023-06-15T10:29:12","guid":{"rendered":"https:\/\/botanika-marrakech.com\/cosmetic\/?page_id=465"},"modified":"2024-07-17T16:36:32","modified_gmt":"2024-07-17T14:36:32","slug":"contact","status":"publish","type":"page","link":"https:\/\/botanika-marrakech.com\/cosmetic\/contact\/","title":{"rendered":"Contact &#8211; Botanika"},"content":{"rendered":"<section class=\"l-section wpb_row height_huge with_img\"><div class=\"l-section-img\" role=\"img\" aria-label=\"Image\" data-img-width=\"1400\" data-img-height=\"727\" style=\"background-image: url(https:\/\/botanika-marrakech.com\/cosmetic\/wp-content\/uploads\/2024\/07\/botanika-desert.jpg);background-repeat: no-repeat;\"><\/div><div class=\"l-section-h i-cf\"><div class=\"g-cols vc_row via_grid cols_1 laptops-cols_inherit tablets-cols_inherit mobiles-cols_1 valign_top type_default stacking_default\"><div class=\"wpb_column vc_column_container\"><div class=\"vc_column-inner\"><div class=\"g-cols wpb_row via_grid cols_2 laptops-cols_inherit tablets-cols_inherit mobiles-cols_1 valign_top type_default stacking_default\" style=\"--columns-gap:3rem;\"><div class=\"wpb_column vc_column_container\"><div class=\"vc_column-inner\"><\/div><\/div><div class=\"wpb_column vc_column_container\"><div class=\"vc_column-inner\">[vc_custom_heading text=&#8221;Contacter Botanika Marrakech&#8221; font_container=&#8221;tag:h1|text_align:left&#8221; use_theme_fonts=&#8221;yes&#8221; css=&#8221;%7B%22default%22%3A%7B%22color%22%3A%22%23124734%22%2C%22text-shadow-blur%22%3A%2250px%22%2C%22text-shadow-color%22%3A%22%23ffffff%22%7D%7D&#8221;]<div class=\"wpb_text_column\"><div class=\"wpb_wrapper\"><p style=\"text-align: left;\">Nous sommes toujours heureux de vous aidez. En cas de questions ou de demandes, utiliser le formulaire pour nous envoyer un message.<\/p>\n<\/div><\/div><\/div><\/div><\/div><\/div><\/div><\/div><\/div><\/section><section class=\"l-section wpb_row height_small\"><div class=\"l-section-h i-cf\"><div class=\"g-cols vc_row via_grid cols_1 laptops-cols_inherit tablets-cols_inherit mobiles-cols_1 valign_top type_default stacking_default\"><div class=\"wpb_column vc_column_container\"><div class=\"vc_column-inner\"><div class=\"g-cols wpb_row us_custom_cdc46136 via_grid cols_1 laptops-cols_inherit tablets-cols_inherit mobiles-cols_1 valign_top type_default stacking_default\" style=\"--columns-gap:3rem;\"><div class=\"wpb_column vc_column_container\"><div class=\"vc_column-inner\"><div class=\"wpforms-container wpforms-container-full\" id=\"wpforms-485\"><form id=\"wpforms-form-485\" class=\"wpforms-validate wpforms-form wpforms-ajax-form\" data-formid=\"485\" method=\"post\" enctype=\"multipart\/form-data\" action=\"\/cosmetic\/wp-json\/wp\/v2\/pages\/465\" data-token=\"02bcc45751aa29349569e9bbb6ed876f\" data-token-time=\"1776156369\"><noscript class=\"wpforms-error-noscript\">Veuillez activer JavaScript dans votre navigateur pour remplir ce formulaire.<\/noscript><div class=\"wpforms-field-container\"><div id=\"wpforms-485-field_2-container\" class=\"wpforms-field wpforms-field-layout\" data-field-id=\"2\"><div class=\"wpforms-field-layout-columns wpforms-field-layout-preset-50-50\"><div class=\"wpforms-layout-column wpforms-layout-column-50\" ><div id=\"wpforms-485-field_4-container\" class=\"wpforms-field wpforms-field-text\" data-field-id=\"4\"><label class=\"wpforms-field-label wpforms-label-hide\" for=\"wpforms-485-field_4\">Nom <span class=\"wpforms-required-label\">*<\/span><\/label><input type=\"text\" id=\"wpforms-485-field_4\" class=\"wpforms-field-medium wpforms-field-required\" name=\"wpforms[fields][4]\" placeholder=\"Nom*\" required><\/div><div id=\"wpforms-485-field_33-container\" class=\"wpforms-field wpforms-field-phone\" data-field-id=\"33\"><label class=\"wpforms-field-label wpforms-label-hide\" for=\"wpforms-485-field_33\">T\u00e9l\u00e9phone <span class=\"wpforms-required-label\">*<\/span><\/label><input type=\"tel\" id=\"wpforms-485-field_33\" class=\"wpforms-field-medium wpforms-field-required wpforms-smart-phone-field\" data-rule-smart-phone-field=\"true\" name=\"wpforms[fields][33]\" placeholder=\"T\u00e9l\u00e9phone*\" aria-label=\"T\u00e9l\u00e9phone\" required><\/div><div id=\"wpforms-485-field_29-container\" class=\"wpforms-field wpforms-field-select wpforms-conditional-trigger wpforms-field-select-style-classic\" data-field-id=\"29\"><label class=\"wpforms-field-label wpforms-label-hide\" for=\"wpforms-485-field_29\">Zone <span class=\"wpforms-required-label\">*<\/span><\/label><select id=\"wpforms-485-field_29\" class=\"wpforms-field-large wpforms-field-required\" name=\"wpforms[fields][29]\" required=\"required\"><option value=\"\" class=\"placeholder\" disabled  selected='selected'>Zone*<\/option><option value=\"Europe\"  class=\"choice-1 depth-1\"  >Europe<\/option><option value=\"Maroc\"  class=\"choice-2 depth-1\"  >Maroc<\/option><option value=\"Monde\"  class=\"choice-3 depth-1\"  >Monde<\/option><\/select><\/div><\/div><div class=\"wpforms-layout-column wpforms-layout-column-50\" ><div id=\"wpforms-485-field_5-container\" class=\"wpforms-field wpforms-field-text\" data-field-id=\"5\"><label class=\"wpforms-field-label wpforms-label-hide\" for=\"wpforms-485-field_5\">Pr\u00e9nom <span class=\"wpforms-required-label\">*<\/span><\/label><input type=\"text\" id=\"wpforms-485-field_5\" class=\"wpforms-field-medium wpforms-field-required\" name=\"wpforms[fields][5]\" placeholder=\"Pr\u00e9nom*\" required><\/div><div id=\"wpforms-485-field_32-container\" class=\"wpforms-field wpforms-field-email\" data-field-id=\"32\"><label class=\"wpforms-field-label wpforms-label-hide\" for=\"wpforms-485-field_32\">E-mail <span class=\"wpforms-required-label\">*<\/span><\/label><input type=\"email\" id=\"wpforms-485-field_32\" class=\"wpforms-field-medium wpforms-field-required\" name=\"wpforms[fields][32]\" placeholder=\"E-mail*\" spellcheck=\"false\" required><\/div><div id=\"wpforms-485-field_35-container\" class=\"wpforms-field wpforms-field-text\" data-field-id=\"35\"><label class=\"wpforms-field-label wpforms-label-hide\" for=\"wpforms-485-field_35\">Ville <span class=\"wpforms-required-label\">*<\/span><\/label><input type=\"text\" id=\"wpforms-485-field_35\" class=\"wpforms-field-medium wpforms-field-required\" name=\"wpforms[fields][35]\" placeholder=\"Ville*\" required><\/div><\/div><\/div><\/div><div id=\"wpforms-485-field_30-container\" class=\"wpforms-field wpforms-field-text wpforms-conditional-field wpforms-conditional-show\" data-field-id=\"30\" style=\"display:none;\"><label class=\"wpforms-field-label wpforms-label-hide\" for=\"wpforms-485-field_30\">Pays <span class=\"wpforms-required-label\">*<\/span><\/label><input type=\"text\" id=\"wpforms-485-field_30\" class=\"wpforms-field-large wpforms-field-required\" name=\"wpforms[fields][30]\" placeholder=\"Pays*\" required><\/div><div id=\"wpforms-485-field_31-container\" class=\"wpforms-field wpforms-field-textarea\" data-field-id=\"31\"><label class=\"wpforms-field-label\" for=\"wpforms-485-field_31\">Message <span class=\"wpforms-required-label\">*<\/span><\/label><textarea id=\"wpforms-485-field_31\" class=\"wpforms-field-medium wpforms-field-required\" name=\"wpforms[fields][31]\" placeholder=\"Votre message...\" required><\/textarea><\/div><div id=\"wpforms-485-field_25-container\" class=\"wpforms-field wpforms-field-hidden usr-agent\" data-field-id=\"25\"><input type=\"hidden\" id=\"wpforms-485-field_25\" name=\"wpforms[fields][25]\"><\/div><div id=\"wpforms-485-field_26-container\" class=\"wpforms-field wpforms-field-html\" data-field-id=\"26\"><div id=\"wpforms-485-field_26\"><\/div><\/div><\/div><!-- .wpforms-field-container --><div class=\"wpforms-recaptcha-container wpforms-is-recaptcha wpforms-is-recaptcha-type-v3\" ><input type=\"hidden\" name=\"wpforms[recaptcha]\" value=\"\"><\/div><div class=\"wpforms-submit-container\" ><input type=\"hidden\" name=\"wpforms[id]\" value=\"485\"><input type=\"hidden\" name=\"page_title\" value=\"\"><input type=\"hidden\" name=\"page_url\" value=\"https:\/\/botanika-marrakech.com\/cosmetic\/wp-json\/wp\/v2\/pages\/465\"><input type=\"hidden\" name=\"url_referer\" value=\"\"><button type=\"submit\" name=\"wpforms[submit]\" id=\"wpforms-submit-485\" class=\"wpforms-submit\" data-alt-text=\"Envoi...\" data-submit-text=\"Envoyer\" aria-live=\"assertive\" value=\"wpforms-submit\">Envoyer<\/button><img loading=\"lazy\" decoding=\"async\" src=\"https:\/\/botanika-marrakech.com\/cosmetic\/wp-content\/plugins\/wpforms\/assets\/images\/submit-spin.svg\" class=\"wpforms-submit-spinner\" style=\"display: none;\" width=\"26\" height=\"26\" alt=\"Chargement en cours\"><\/div><\/form><\/div>  <!-- .wpforms-container --><\/div><\/div><\/div><\/div><\/div><\/div><\/div><\/section>\n","protected":false},"excerpt":{"rendered":"[vc_custom_heading text=\"Contacter Botanika Marrakech\" font_container=\"tag:h1|text_align:left\" use_theme_fonts=\"yes\" css=\"%7B%22default%22%3A%7B%22color%22%3A%22%23124734%22%2C%22text-shadow-blur%22%3A%2250px%22%2C%22text-shadow-color%22%3A%22%23ffffff%22%7D%7D\"]Nous sommes toujours heureux de vous aidez. En cas de questions ou de demandes, utiliser le formulaire pour nous envoyer un message. Veuillez activer JavaScript dans votre navigateur pour remplir ce formulaire.Nom *T\u00e9l\u00e9phone *Zone *Zone*EuropeMarocMondePr\u00e9nom *E-mail *Ville *Pays *Message *Envoyer","protected":false},"author":1,"featured_media":0,"parent":0,"menu_order":0,"comment_status":"closed","ping_status":"closed","template":"","meta":{"_acf_changed":false,"footnotes":""},"class_list":["post-465","page","type-page","status-publish","hentry"],"acf":[],"yoast_head":"<!-- This site is optimized with the Yoast SEO plugin v27.3 - https:\/\/yoast.com\/product\/yoast-seo-wordpress\/ -->\n<title>Contact - Botanika - Botanika Marrakech Cosmec Bio Argan<\/title>\n<meta name=\"robots\" content=\"index, follow, max-snippet:-1, max-image-preview:large, max-video-preview:-1\" \/>\n<link rel=\"canonical\" href=\"https:\/\/botanika-marrakech.com\/cosmetic\/contact\/\" \/>\n<meta property=\"og:locale\" content=\"fr_FR\" \/>\n<meta property=\"og:type\" content=\"article\" \/>\n<meta property=\"og:title\" content=\"Contact - Botanika - Botanika Marrakech Cosmec Bio Argan\" \/>\n<meta property=\"og:url\" content=\"https:\/\/botanika-marrakech.com\/cosmetic\/contact\/\" \/>\n<meta property=\"og:site_name\" content=\"Botanika Marrakech Cosmec Bio Argan\" \/>\n<meta property=\"article:modified_time\" content=\"2024-07-17T14:36:32+00:00\" \/>\n<meta name=\"twitter:card\" content=\"summary_large_image\" \/>\n<meta name=\"twitter:label1\" content=\"Dur\u00e9e de lecture estim\u00e9e\" \/>\n\t<meta name=\"twitter:data1\" content=\"1 minute\" \/>\n<script type=\"application\/ld+json\" class=\"yoast-schema-graph\">{\"@context\":\"https:\\\/\\\/schema.org\",\"@graph\":[{\"@type\":\"WebPage\",\"@id\":\"https:\\\/\\\/botanika-marrakech.com\\\/cosmetic\\\/contact\\\/\",\"url\":\"https:\\\/\\\/botanika-marrakech.com\\\/cosmetic\\\/contact\\\/\",\"name\":\"Contact - Botanika - Botanika Marrakech Cosmec Bio Argan\",\"isPartOf\":{\"@id\":\"https:\\\/\\\/botanika-marrakech.com\\\/cosmetic\\\/#website\"},\"datePublished\":\"2023-06-15T10:29:12+00:00\",\"dateModified\":\"2024-07-17T14:36:32+00:00\",\"breadcrumb\":{\"@id\":\"https:\\\/\\\/botanika-marrakech.com\\\/cosmetic\\\/contact\\\/#breadcrumb\"},\"inLanguage\":\"fr-FR\",\"potentialAction\":[{\"@type\":\"ReadAction\",\"target\":[\"https:\\\/\\\/botanika-marrakech.com\\\/cosmetic\\\/contact\\\/\"]}]},{\"@type\":\"BreadcrumbList\",\"@id\":\"https:\\\/\\\/botanika-marrakech.com\\\/cosmetic\\\/contact\\\/#breadcrumb\",\"itemListElement\":[{\"@type\":\"ListItem\",\"position\":1,\"name\":\"Accueil\",\"item\":\"https:\\\/\\\/botanika-marrakech.com\\\/cosmetic\\\/\"},{\"@type\":\"ListItem\",\"position\":2,\"name\":\"Contact &#8211; Botanika\"}]},{\"@type\":\"WebSite\",\"@id\":\"https:\\\/\\\/botanika-marrakech.com\\\/cosmetic\\\/#website\",\"url\":\"https:\\\/\\\/botanika-marrakech.com\\\/cosmetic\\\/\",\"name\":\"Botanika Marrakech Cosmec Bio Argan\",\"description\":\"Botanika Marrakech Cosmec Bio Argan\",\"potentialAction\":[{\"@type\":\"SearchAction\",\"target\":{\"@type\":\"EntryPoint\",\"urlTemplate\":\"https:\\\/\\\/botanika-marrakech.com\\\/cosmetic\\\/?s={search_term_string}\"},\"query-input\":{\"@type\":\"PropertyValueSpecification\",\"valueRequired\":true,\"valueName\":\"search_term_string\"}}],\"inLanguage\":\"fr-FR\"}]}<\/script>\n<!-- \/ Yoast SEO plugin. -->","yoast_head_json":{"title":"Contact - Botanika - Botanika Marrakech Cosmec Bio Argan","robots":{"index":"index","follow":"follow","max-snippet":"max-snippet:-1","max-image-preview":"max-image-preview:large","max-video-preview":"max-video-preview:-1"},"canonical":"https:\/\/botanika-marrakech.com\/cosmetic\/contact\/","og_locale":"fr_FR","og_type":"article","og_title":"Contact - Botanika - Botanika Marrakech Cosmec Bio Argan","og_url":"https:\/\/botanika-marrakech.com\/cosmetic\/contact\/","og_site_name":"Botanika Marrakech Cosmec Bio Argan","article_modified_time":"2024-07-17T14:36:32+00:00","twitter_card":"summary_large_image","twitter_misc":{"Dur\u00e9e de lecture estim\u00e9e":"1 minute"},"schema":{"@context":"https:\/\/schema.org","@graph":[{"@type":"WebPage","@id":"https:\/\/botanika-marrakech.com\/cosmetic\/contact\/","url":"https:\/\/botanika-marrakech.com\/cosmetic\/contact\/","name":"Contact - Botanika - Botanika Marrakech Cosmec Bio Argan","isPartOf":{"@id":"https:\/\/botanika-marrakech.com\/cosmetic\/#website"},"datePublished":"2023-06-15T10:29:12+00:00","dateModified":"2024-07-17T14:36:32+00:00","breadcrumb":{"@id":"https:\/\/botanika-marrakech.com\/cosmetic\/contact\/#breadcrumb"},"inLanguage":"fr-FR","potentialAction":[{"@type":"ReadAction","target":["https:\/\/botanika-marrakech.com\/cosmetic\/contact\/"]}]},{"@type":"BreadcrumbList","@id":"https:\/\/botanika-marrakech.com\/cosmetic\/contact\/#breadcrumb","itemListElement":[{"@type":"ListItem","position":1,"name":"Accueil","item":"https:\/\/botanika-marrakech.com\/cosmetic\/"},{"@type":"ListItem","position":2,"name":"Contact &#8211; Botanika"}]},{"@type":"WebSite","@id":"https:\/\/botanika-marrakech.com\/cosmetic\/#website","url":"https:\/\/botanika-marrakech.com\/cosmetic\/","name":"Botanika Marrakech Cosmec Bio Argan","description":"Botanika Marrakech Cosmec Bio Argan","potentialAction":[{"@type":"SearchAction","target":{"@type":"EntryPoint","urlTemplate":"https:\/\/botanika-marrakech.com\/cosmetic\/?s={search_term_string}"},"query-input":{"@type":"PropertyValueSpecification","valueRequired":true,"valueName":"search_term_string"}}],"inLanguage":"fr-FR"}]}},"_links":{"self":[{"href":"https:\/\/botanika-marrakech.com\/cosmetic\/wp-json\/wp\/v2\/pages\/465","targetHints":{"allow":["GET"]}}],"collection":[{"href":"https:\/\/botanika-marrakech.com\/cosmetic\/wp-json\/wp\/v2\/pages"}],"about":[{"href":"https:\/\/botanika-marrakech.com\/cosmetic\/wp-json\/wp\/v2\/types\/page"}],"author":[{"embeddable":true,"href":"https:\/\/botanika-marrakech.com\/cosmetic\/wp-json\/wp\/v2\/users\/1"}],"replies":[{"embeddable":true,"href":"https:\/\/botanika-marrakech.com\/cosmetic\/wp-json\/wp\/v2\/comments?post=465"}],"version-history":[{"count":24,"href":"https:\/\/botanika-marrakech.com\/cosmetic\/wp-json\/wp\/v2\/pages\/465\/revisions"}],"predecessor-version":[{"id":872,"href":"https:\/\/botanika-marrakech.com\/cosmetic\/wp-json\/wp\/v2\/pages\/465\/revisions\/872"}],"wp:attachment":[{"href":"https:\/\/botanika-marrakech.com\/cosmetic\/wp-json\/wp\/v2\/media?parent=465"}],"curies":[{"name":"wp","href":"https:\/\/api.w.org\/{rel}","templated":true}]}}